{"id":92,"date":"2023-12-15T09:43:41","date_gmt":"2023-12-15T09:43:41","guid":{"rendered":"https:\/\/demo.themesartist.com\/podcastinpro\/?page_id=92"},"modified":"2024-10-05T21:51:36","modified_gmt":"2024-10-05T19:51:36","slug":"about","status":"publish","type":"page","link":"https:\/\/er.fuellt.es\/mamaleben\/about\/","title":{"rendered":"About Us"},"content":{"rendered":"\t\t<div data-elementor-type=\"wp-page\" data-elementor-id=\"92\" class=\"elementor elementor-92\">\n\t\t\t\t<div class=\"elementor-element elementor-element-7b5541b e-flex e-con-boxed e-con e-parent\" data-id=\"7b5541b\" data-element_type=\"container\">\n\t\t\t\t\t<div class=\"e-con-inner\">\n\t\t<div class=\"elementor-element elementor-element-11565d2 e-con-full e-flex e-con e-child\" data-id=\"11565d2\" data-element_type=\"container\">\n\t\t\t\t<div class=\"elementor-element elementor-element-211c80c elementor-widget elementor-widget-text-editor\" data-id=\"211c80c\" data-element_type=\"widget\" data-widget_type=\"text-editor.default\">\n\t\t\t\t<div class=\"elementor-widget-container\">\n\t\t\t\t\t\t\t\t\t<p>Der Podcast <strong>\u201eER.f\u00fcllt.es Mamaleben\u201c<\/strong> ist speziell f\u00fcr dich als Mama gemacht \u2013 mit all den Herausforderungen, W\u00fcnschen und Fragen, die das Mama-Sein mit sich bringt. In einer Welt, in der oft der Alltag regiert und wenig Zeit f\u00fcr Ruhe und Reflexion bleibt, m\u00f6chten wir dir zeigen, wie du Jesus in jede Ecke deines Lebens einladen kannst. Denn mit Jesus an deiner Seite kannst du dein Leben nicht nur bew\u00e4ltigen, sondern es in F\u00fclle und Freude genie\u00dfen.<\/p>\t\t\t\t\t\t\t\t<\/div>\n\t\t\t\t<\/div>\n\t\t\t\t<div class=\"elementor-element elementor-element-f916b04 elementor-widget elementor-widget-heading\" data-id=\"f916b04\" data-element_type=\"widget\" data-widget_type=\"heading.default\">\n\t\t\t\t<div class=\"elementor-widget-container\">\n\t\t\t\t\t<h2 class=\"elementor-heading-title elementor-size-default\">Worum geht es bei \u201eER.f\u00fcllt.es Mamaleben\u201c?<\/h2>\t\t\t\t<\/div>\n\t\t\t\t<\/div>\n\t\t\t\t<div class=\"elementor-element elementor-element-90fc245 elementor-widget elementor-widget-text-editor\" data-id=\"90fc245\" data-element_type=\"widget\" data-widget_type=\"text-editor.default\">\n\t\t\t\t<div class=\"elementor-widget-container\">\n\t\t\t\t\t\t\t\t\t<p><span style=\"font-family: var( --e-global-typography-text-font-family ), Sans-serif; font-weight: var( --e-global-typography-text-font-weight ); text-align: var(--text-align);\">\u201eER.f\u00fcllt.es Mamaleben\u201c ist ein Podcast, der dich dabei unterst\u00fctzt, deinen Glauben mitten im Mama-Alltag zu leben. Es geht darum, eine tiefe, ehrliche Verbindung zu Jesus zu bewahren und deinen Alltag auf ihn auszurichten. Wir behandeln Themen, die M\u00fctter tagt\u00e4glich besch\u00e4ftigen \u2013 von Kindererziehung \u00fcber Ehe, Selbstf\u00fcrsorge bis hin zu beruflichen Herausforderungen. Dabei bleibt Jesus immer der zentrale Punkt: Wie k\u00f6nnen wir ihn in unseren Entscheidungen, Herausforderungen und Freuden erleben? Wie l\u00e4sst er uns wachsen und gibt uns Kraft, wenn uns alles zu viel wird?<\/span><\/p><p><strong>Inspiration aus der Bibel<\/strong>: In jeder Episode findest du praktische und ermutigende Tipps, die dir helfen, Jesus im Alltag zu begegnen. Wir greifen biblische Geschichten, Verse und Lehren auf, die uns zeigen, wie wir als Mamas in Gottes F\u00fchrung und Kraft leben k\u00f6nnen.<\/p><p><strong>\u00c4therische \u00d6le als himmlische Helfer<\/strong>: Ein besonderer Bestandteil des Podcasts sind die sogenannten \u201ehimmlischen Helfer\u201c, \u00e4therische \u00d6le, die wir in den Alltag integrieren, um uns in verschiedenen Situationen zu unterst\u00fctzen. Diese nat\u00fcrlichen Sch\u00e4tze helfen dir, in stressigen Zeiten ruhig zu bleiben, deine emotionale Balance zu finden und dich zu entspannen \u2013 immer im Einklang mit dem, was Gott f\u00fcr dein Leben vorgesehen hat.<\/p>\t\t\t\t\t\t\t\t<\/div>\n\t\t\t\t<\/div>\n\t\t\t\t<div class=\"elementor-element elementor-element-939230f elementor-widget elementor-widget-heading\" data-id=\"939230f\" data-element_type=\"widget\" data-widget_type=\"heading.default\">\n\t\t\t\t<div class=\"elementor-widget-container\">\n\t\t\t\t\t<h2 class=\"elementor-heading-title elementor-size-default\">F\u00fcr wen ist dieser Podcast gemacht?<\/h2>\t\t\t\t<\/div>\n\t\t\t\t<\/div>\n\t\t\t\t<div class=\"elementor-element elementor-element-ae77818 elementor-widget elementor-widget-text-editor\" data-id=\"ae77818\" data-element_type=\"widget\" data-widget_type=\"text-editor.default\">\n\t\t\t\t<div class=\"elementor-widget-container\">\n\t\t\t\t\t\t\t\t\t<p>\u201eER.f\u00fcllt.es Mamaleben\u201c ist f\u00fcr jede Mutter, die sich nach einem tieferen Glaubensleben sehnt und die eine bewusste und spirituelle Verbindung zu ihrer Familie und sich selbst aufbauen m\u00f6chte. Egal, ob du erst am Anfang deiner Glaubensreise stehst oder schon lange mit Jesus unterwegs bist \u2013 hier findest du Inspiration, Unterst\u00fctzung und Ermutigung. Auch M\u00fctter, die sich f\u00fcr das Thema \u00e4therische \u00d6le interessieren und lernen m\u00f6chten, wie diese nat\u00fcrlichen Mittel zur emotionalen und k\u00f6rperlichen Gesundheit beitragen k\u00f6nnen, sind hier gut aufgehoben.<\/p><p>Besonders wertvoll ist dieser Podcast f\u00fcr Mamas, die im hektischen Alltag nach einer Quelle der Erfrischung suchen. Oft f\u00e4llt es uns schwer, als M\u00fctter Zeit f\u00fcr uns selbst und Gott zu finden. Hier erf\u00e4hrst du, wie du deinen Glauben auch in den kleinen Momenten des Tages lebendig halten kannst \u2013 sei es beim Kochen, Autofahren oder beim Zubettbringen der Kinder.<\/p>\t\t\t\t\t\t\t\t<\/div>\n\t\t\t\t<\/div>\n\t\t\t\t<div class=\"elementor-element elementor-element-40c1167 elementor-widget elementor-widget-spacer\" data-id=\"40c1167\" data-element_type=\"widget\" data-widget_type=\"spacer.default\">\n\t\t\t\t<div class=\"elementor-widget-container\">\n\t\t\t\t\t\t\t<div class=\"elementor-spacer\">\n\t\t\t<div class=\"elementor-spacer-inner\"><\/div>\n\t\t<\/div>\n\t\t\t\t\t\t<\/div>\n\t\t\t\t<\/div>\n\t\t\t\t<\/div>\n\t\t<div class=\"elementor-element elementor-element-7883c82 e-con-full e-flex e-con e-child\" data-id=\"7883c82\" data-element_type=\"container\">\n\t\t\t\t<div class=\"elementor-element elementor-element-abcf47c elementor-widget elementor-widget-image\" data-id=\"abcf47c\" data-element_type=\"widget\" data-widget_type=\"image.default\">\n\t\t\t\t<div class=\"elementor-widget-container\">\n\t\t\t\t\t\t\t\t\t\t\t\t<figure class=\"wp-caption\">\n\t\t\t\t\t\t\t\t\t\t<img fetchpriority=\"high\" decoding=\"async\" width=\"640\" height=\"480\" src=\"https:\/\/er.fuellt.es\/mamaleben\/wp-content\/uploads\/2024\/10\/about1.jpg\" class=\"attachment-large size-large wp-image-180\" alt=\"\" srcset=\"https:\/\/er.fuellt.es\/mamaleben\/wp-content\/uploads\/2024\/10\/about1.jpg 800w, https:\/\/er.fuellt.es\/mamaleben\/wp-content\/uploads\/2024\/10\/about1-300x225.jpg 300w, https:\/\/er.fuellt.es\/mamaleben\/wp-content\/uploads\/2024\/10\/about1-768x576.jpg 768w\" sizes=\"(max-width: 640px) 100vw, 640px\" \/>\t\t\t\t\t\t\t\t\t\t\t<figcaption class=\"widget-image-caption wp-caption-text\">littlehenrabi (Getty Image)<\/figcaption>\n\t\t\t\t\t\t\t\t\t\t<\/figure>\n\t\t\t\t\t\t\t\t\t<\/div>\n\t\t\t\t<\/div>\n\t\t\t\t<\/div>\n\t\t<div class=\"elementor-element elementor-element-b35b25b e-con-full e-flex e-con e-child\" data-id=\"b35b25b\" data-element_type=\"container\">\n\t\t\t\t<div class=\"elementor-element elementor-element-b71c77e elementor-widget elementor-widget-image\" data-id=\"b71c77e\" data-element_type=\"widget\" data-widget_type=\"image.default\">\n\t\t\t\t<div class=\"elementor-widget-container\">\n\t\t\t\t\t\t\t\t\t\t\t\t<figure class=\"wp-caption\">\n\t\t\t\t\t\t\t\t\t\t<img decoding=\"async\" width=\"640\" height=\"480\" src=\"https:\/\/er.fuellt.es\/mamaleben\/wp-content\/uploads\/2024\/10\/about2.jpg\" class=\"attachment-large size-large wp-image-181\" alt=\"\" srcset=\"https:\/\/er.fuellt.es\/mamaleben\/wp-content\/uploads\/2024\/10\/about2.jpg 800w, https:\/\/er.fuellt.es\/mamaleben\/wp-content\/uploads\/2024\/10\/about2-300x225.jpg 300w, https:\/\/er.fuellt.es\/mamaleben\/wp-content\/uploads\/2024\/10\/about2-768x576.jpg 768w\" sizes=\"(max-width: 640px) 100vw, 640px\" \/>\t\t\t\t\t\t\t\t\t\t\t<figcaption class=\"widget-image-caption wp-caption-text\">vadimguzhva (Getty Images)<\/figcaption>\n\t\t\t\t\t\t\t\t\t\t<\/figure>\n\t\t\t\t\t\t\t\t\t<\/div>\n\t\t\t\t<\/div>\n\t\t\t\t<\/div>\n\t\t<div class=\"elementor-element elementor-element-52e35d3 e-con-full e-flex e-con e-child\" data-id=\"52e35d3\" data-element_type=\"container\">\n\t\t\t\t<div class=\"elementor-element elementor-element-e8b009d elementor-widget elementor-widget-heading\" data-id=\"e8b009d\" data-element_type=\"widget\" data-widget_type=\"heading.default\">\n\t\t\t\t<div class=\"elementor-widget-container\">\n\t\t\t\t\t<h2 class=\"elementor-heading-title elementor-size-default\">Was dich in den Episoden erwartet<\/h2>\t\t\t\t<\/div>\n\t\t\t\t<\/div>\n\t\t\t\t<div class=\"elementor-element elementor-element-58f20a7 elementor-widget elementor-widget-text-editor\" data-id=\"58f20a7\" data-element_type=\"widget\" data-widget_type=\"text-editor.default\">\n\t\t\t\t<div class=\"elementor-widget-container\">\n\t\t\t\t\t\t\t\t\t<p>Jede Folge von \u201eER.f\u00fcllt.es Mamaleben\u201c ist sorgf\u00e4ltig darauf abgestimmt, dir als Mama praktische und christliche Impulse zu geben. Wir sprechen \u00fcber Themen wie Stressbew\u00e4ltigung, Berufung, Gelassenheit, Ehe und Kindererziehung, und wie du in all diesen Bereichen Jesus an deiner Seite erleben kannst. Mit einer Mischung aus pers\u00f6nlichen Geschichten, biblischen Weisheiten und praktischen Tipps helfen wir dir, deine Herausforderungen als Mama zu meistern und in deinem Glauben zu wachsen.<\/p><p>Hier ein kleiner Vorgeschmack auf einige bereits geplante Episoden:<\/p>\t\t\t\t\t\t\t\t<\/div>\n\t\t\t\t<\/div>\n\t\t\t\t<div class=\"elementor-element elementor-element-8482767 elementor-widget elementor-widget-text-editor\" data-id=\"8482767\" data-element_type=\"widget\" data-widget_type=\"text-editor.default\">\n\t\t\t\t<div class=\"elementor-widget-container\">\n\t\t\t\t\t\t\t\t\t<h5><strong> \u201eAls Mama nah an Jesus dranbleiben \u2013 Glaube im Mama-Alltag leben\u201c<\/strong><\/h5><p>In dieser Episode geht es darum, wie du deinen Glauben im stressigen Mama-Alltag lebendig halten kannst. Du erh\u00e4ltst praktische Tipps, wie du trotz vollem Terminkalender Raum f\u00fcr Gebet, Bibellesen und stille Zeit schaffen kannst. Zwei inspirierende Bibelverse und das beruhigende \u00e4therische \u00d6l Weihrauch begleiten dich dabei, den Alltag mit mehr Ruhe und Gottesn\u00e4he zu meistern.<\/p>\t\t\t\t\t\t\t\t<\/div>\n\t\t\t\t<\/div>\n\t\t\t\t<div class=\"elementor-element elementor-element-a67a51b elementor-widget elementor-widget-text-editor\" data-id=\"a67a51b\" data-element_type=\"widget\" data-widget_type=\"text-editor.default\">\n\t\t\t\t<div class=\"elementor-widget-container\">\n\t\t\t\t\t\t\t\t\t<h5><strong>\u201eZwischen Lust und Frust \u2013 N\u00e4he und Z\u00e4rtlichkeit im Mama-Alltag leben\u201c<\/strong><\/h5><p>Hier sprechen wir dar\u00fcber, wie du als Ehefrau und Mama die N\u00e4he und Z\u00e4rtlichkeit in deiner Ehe bewahren kannst. Mit ehrlichen Gespr\u00e4chen \u00fcber die Herausforderungen, die der Alltag als Eltern mit sich bringt, ermutigen wir dich, auch in stressigen Phasen Raum f\u00fcr Zweisamkeit und k\u00f6rperliche N\u00e4he zu schaffen. Als biblische Grundlage dienen 1. Korinther 7:3-4 und Hohelied 4:10. Das \u00e4therische \u00d6l Ylang-Ylang unterst\u00fctzt dich dabei, eine romantische und liebevolle Atmosph\u00e4re zu schaffen.<\/p>\t\t\t\t\t\t\t\t<\/div>\n\t\t\t\t<\/div>\n\t\t\t\t<div class=\"elementor-element elementor-element-8a77a3f elementor-widget elementor-widget-text-editor\" data-id=\"8a77a3f\" data-element_type=\"widget\" data-widget_type=\"text-editor.default\">\n\t\t\t\t<div class=\"elementor-widget-container\">\n\t\t\t\t\t\t\t\t\t<h5><strong>\u201eHaushalt, Kinder und Job vereinen \u2013 Mit Gottes Hilfe Priorit\u00e4ten setzen\u201c<\/strong><\/h5><p>Wie schaffst du es, als Mama den Haushalt, die Kinder und vielleicht auch noch einen Job zu managen, ohne dass etwas auf der Strecke bleibt? In dieser Episode gehen wir darauf ein, wie du mit Gottes F\u00fchrung Priorit\u00e4ten setzen kannst, um dich nicht zu \u00fcberfordern. Zwei ermutigende Bibelverse und das anregende Pfefferminz\u00f6l begleiten dich dabei, Struktur und Klarheit in deinen Alltag zu bringen.<\/p>\t\t\t\t\t\t\t\t<\/div>\n\t\t\t\t<\/div>\n\t\t\t\t<div class=\"elementor-element elementor-element-acc91e6 elementor-widget elementor-widget-spacer\" data-id=\"acc91e6\" data-element_type=\"widget\" data-widget_type=\"spacer.default\">\n\t\t\t\t<div class=\"elementor-widget-container\">\n\t\t\t\t\t\t\t<div class=\"elementor-spacer\">\n\t\t\t<div class=\"elementor-spacer-inner\"><\/div>\n\t\t<\/div>\n\t\t\t\t\t\t<\/div>\n\t\t\t\t<\/div>\n\t\t\t\t<\/div>\n\t\t\t\t\t<\/div>\n\t\t\t\t<\/div>\n\t\t<div class=\"elementor-element elementor-element-9a038cc e-flex e-con-boxed e-con e-parent\" data-id=\"9a038cc\" data-element_type=\"container\">\n\t\t\t\t\t<div class=\"e-con-inner\">\n\t\t<div class=\"elementor-element elementor-element-cdd4361 e-con-full e-flex e-con e-child\" data-id=\"cdd4361\" data-element_type=\"container\">\n\t\t\t\t<div class=\"elementor-element elementor-element-db1bc3b elementor-widget elementor-widget-heading\" data-id=\"db1bc3b\" data-element_type=\"widget\" data-widget_type=\"heading.default\">\n\t\t\t\t<div class=\"elementor-widget-container\">\n\t\t\t\t\t<h2 class=\"elementor-heading-title elementor-size-default\">Community und Austausch<\/h2>\t\t\t\t<\/div>\n\t\t\t\t<\/div>\n\t\t\t\t<div class=\"elementor-element elementor-element-1a13281 elementor-widget elementor-widget-text-editor\" data-id=\"1a13281\" data-element_type=\"widget\" data-widget_type=\"text-editor.default\">\n\t\t\t\t<div class=\"elementor-widget-container\">\n\t\t\t\t\t\t\t\t\t<p>Ein wichtiger Teil von \u201eER.f\u00fcllt.es Mamaleben\u201c ist die Gemeinschaft. Wir m\u00f6chten, dass du dich nicht alleine f\u00fchlst auf deiner Reise als Mama. Auf Instagram und in unserem Podcast-Newsletter kannst du Teil einer wachsenden Community werden, in der wir uns gegenseitig ermutigen, unterst\u00fctzen und von unseren Erfahrungen erz\u00e4hlen. Hier hast du die M\u00f6glichkeit, deine Fragen zu stellen, Ideen zu teilen und in den Austausch mit anderen M\u00fcttern zu treten.<\/p>\t\t\t\t\t\t\t\t<\/div>\n\t\t\t\t<\/div>\n\t\t\t\t<div class=\"elementor-element elementor-element-95efd1c elementor-widget elementor-widget-heading\" data-id=\"95efd1c\" data-element_type=\"widget\" data-widget_type=\"heading.default\">\n\t\t\t\t<div class=\"elementor-widget-container\">\n\t\t\t\t\t<h3 class=\"elementor-heading-title elementor-size-default\">Live-Sessions und besondere G\u00e4ste<\/h3>\t\t\t\t<\/div>\n\t\t\t\t<\/div>\n\t\t\t\t<div class=\"elementor-element elementor-element-20d100b elementor-widget elementor-widget-text-editor\" data-id=\"20d100b\" data-element_type=\"widget\" data-widget_type=\"text-editor.default\">\n\t\t\t\t<div class=\"elementor-widget-container\">\n\t\t\t\t\t\t\t\t\t<p>Wir bieten auch regelm\u00e4\u00dfige Live-Sessions an, in denen wir uns \u00fcber kommende Episoden unterhalten, ohne zu viel zu verraten. Diese Sessions bieten dir die M\u00f6glichkeit, in lockerer Atmosph\u00e4re Fragen zu stellen und dich inspirieren zu lassen. Wir haben au\u00dferdem spannende G\u00e4ste aus der christlichen Szene, die ihre Geschichten und Erfahrungen teilen und wertvolle Impulse f\u00fcr deinen Alltag als Mama geben.<\/p>\t\t\t\t\t\t\t\t<\/div>\n\t\t\t\t<\/div>\n\t\t\t\t<\/div>\n\t\t<div class=\"elementor-element elementor-element-a3e44f0 e-con-full e-flex e-con e-child\" data-id=\"a3e44f0\" data-element_type=\"container\">\n\t\t\t\t<div class=\"elementor-element elementor-element-9cc639a elementor-widget elementor-widget-image\" data-id=\"9cc639a\" data-element_type=\"widget\" data-widget_type=\"image.default\">\n\t\t\t\t<div class=\"elementor-widget-container\">\n\t\t\t\t\t\t\t\t\t\t\t\t<figure class=\"wp-caption\">\n\t\t\t\t\t\t\t\t\t\t<img decoding=\"async\" width=\"640\" height=\"480\" src=\"https:\/\/er.fuellt.es\/mamaleben\/wp-content\/uploads\/2024\/10\/about3.jpg\" class=\"attachment-large size-large wp-image-182\" alt=\"\" srcset=\"https:\/\/er.fuellt.es\/mamaleben\/wp-content\/uploads\/2024\/10\/about3.jpg 800w, https:\/\/er.fuellt.es\/mamaleben\/wp-content\/uploads\/2024\/10\/about3-300x225.jpg 300w, https:\/\/er.fuellt.es\/mamaleben\/wp-content\/uploads\/2024\/10\/about3-768x576.jpg 768w\" sizes=\"(max-width: 640px) 100vw, 640px\" \/>\t\t\t\t\t\t\t\t\t\t\t<figcaption class=\"widget-image-caption wp-caption-text\">NataBene (Getty Images)<\/figcaption>\n\t\t\t\t\t\t\t\t\t\t<\/figure>\n\t\t\t\t\t\t\t\t\t<\/div>\n\t\t\t\t<\/div>\n\t\t\t\t<\/div>\n\t\t<div class=\"elementor-element elementor-element-fef3a9d e-con-full e-flex e-con e-child\" data-id=\"fef3a9d\" data-element_type=\"container\">\n\t\t\t\t<div class=\"elementor-element elementor-element-1d72fc2 elementor-widget elementor-widget-spacer\" data-id=\"1d72fc2\" data-element_type=\"widget\" data-widget_type=\"spacer.default\">\n\t\t\t\t<div class=\"elementor-widget-container\">\n\t\t\t\t\t\t\t<div class=\"elementor-spacer\">\n\t\t\t<div class=\"elementor-spacer-inner\"><\/div>\n\t\t<\/div>\n\t\t\t\t\t\t<\/div>\n\t\t\t\t<\/div>\n\t\t\t\t<div class=\"elementor-element elementor-element-b747707 elementor-widget elementor-widget-heading\" data-id=\"b747707\" data-element_type=\"widget\" data-widget_type=\"heading.default\">\n\t\t\t\t<div class=\"elementor-widget-container\">\n\t\t\t\t\t<h2 class=\"elementor-heading-title elementor-size-default\">Fazit: Dein Weg zu einem erf\u00fcllten Mamaleben mit Jesus<\/h2>\t\t\t\t<\/div>\n\t\t\t\t<\/div>\n\t\t\t\t<div class=\"elementor-element elementor-element-3b276cb elementor-widget elementor-widget-text-editor\" data-id=\"3b276cb\" data-element_type=\"widget\" data-widget_type=\"text-editor.default\">\n\t\t\t\t<div class=\"elementor-widget-container\">\n\t\t\t\t\t\t\t\t\t<p>\u201eER.f\u00fcllt.es Mamaleben\u201c m\u00f6chte dir nicht nur hilfreiche Tipps f\u00fcr den Alltag geben, sondern dich ermutigen, dein Mama-Sein aus der Kraft Jesu zu leben. Du wirst sehen, dass du in jeder Herausforderung und in jedem Freudenmoment eine tiefe Verbindung zu Gott finden kannst, die dein Leben und deine Familie bereichert.<\/p><p>Wir laden dich herzlich ein, Teil unserer wachsenden Community zu werden, dich inspirieren zu lassen und mit Jesus an deiner Seite dein Mamaleben in F\u00fclle zu genie\u00dfen.<\/p>\t\t\t\t\t\t\t\t<\/div>\n\t\t\t\t<\/div>\n\t\t\t\t<\/div>\n\t\t\t\t\t<\/div>\n\t\t\t\t<\/div>\n\t\t\t\t<\/div>\n\t\t","protected":false},"excerpt":{"rendered":"<p>Der Podcast \u201eER.f\u00fcllt.es Mamaleben\u201c ist speziell f\u00fcr dich als Mama gemacht \u2013 mit all den Herausforderungen, W\u00fcnschen und Fragen, die das Mama-Sein mit sich bringt. In einer Welt, in der oft der Alltag regiert und wenig Zeit f\u00fcr Ruhe und Reflexion bleibt, m\u00f6chten wir dir zeigen, wie du Jesus in jede Ecke deines Lebens einladen [&hellip;]<\/p>\n","protected":false},"author":1,"featured_media":0,"parent":0,"menu_order":2,"comment_status":"closed","ping_status":"closed","template":"","meta":{"episode_type":"","audio_file":"","transcript_file":"","cover_image":"","cover_image_id":"","duration":"","filesize":"","date_recorded":"","explicit":"","block":"","filesize_raw":"","footnotes":""},"class_list":["post-92","page","type-page","status-publish","hentry"],"_links":{"self":[{"href":"https:\/\/er.fuellt.es\/mamaleben\/wp-json\/wp\/v2\/pages\/92","targetHints":{"allow":["GET"]}}],"collection":[{"href":"https:\/\/er.fuellt.es\/mamaleben\/wp-json\/wp\/v2\/pages"}],"about":[{"href":"https:\/\/er.fuellt.es\/mamaleben\/wp-json\/wp\/v2\/types\/page"}],"author":[{"embeddable":true,"href":"https:\/\/er.fuellt.es\/mamaleben\/wp-json\/wp\/v2\/users\/1"}],"replies":[{"embeddable":true,"href":"https:\/\/er.fuellt.es\/mamaleben\/wp-json\/wp\/v2\/comments?post=92"}],"version-history":[{"count":12,"href":"https:\/\/er.fuellt.es\/mamaleben\/wp-json\/wp\/v2\/pages\/92\/revisions"}],"predecessor-version":[{"id":189,"href":"https:\/\/er.fuellt.es\/mamaleben\/wp-json\/wp\/v2\/pages\/92\/revisions\/189"}],"wp:attachment":[{"href":"https:\/\/er.fuellt.es\/mamaleben\/wp-json\/wp\/v2\/media?parent=92"}],"curies":[{"name":"wp","href":"https:\/\/api.w.org\/{rel}","templated":true}]}}