{"id":171,"date":"2024-10-05T21:23:20","date_gmt":"2024-10-05T19:23:20","guid":{"rendered":"https:\/\/er.fuellt.es\/mamaleben\/?page_id=171"},"modified":"2024-10-05T22:09:59","modified_gmt":"2024-10-05T20:09:59","slug":"ich-moechte-gast-werden","status":"publish","type":"page","link":"https:\/\/er.fuellt.es\/mamaleben\/ich-moechte-gast-werden\/","title":{"rendered":"Werde Gast bei \u201eER.f\u00fcllt.es Mamaleben\u201c!"},"content":{"rendered":"\n<div class=\"wp-block-group\"><div class=\"wp-block-group__inner-container is-layout-constrained wp-block-group-is-layout-constrained\">\n<p>Du hast eine inspirierende Geschichte, wertvolle Erfahrungen als Mama oder tiefgehende Einsichten in den christlichen Glauben? Dann bist du hier genau richtig! Unser Podcast \u201eER.f\u00fcllt.es Mamaleben\u201c bietet eine Plattform f\u00fcr Frauen, die ihren Alltag als Mama mit Jesus an ihrer Seite gestalten und ihre Erlebnisse, Herausforderungen und Erfolge teilen m\u00f6chten.<\/p>\n\n\n\n<h4 class=\"wp-block-heading\"><strong>Was wir suchen:<\/strong><\/h4>\n\n\n\n<ul class=\"wp-block-list\">\n<li>M\u00fctter, die bereit sind, offen \u00fcber ihre Erfahrungen zu sprechen<\/li>\n\n\n\n<li>Geschichten \u00fcber den Glauben im Alltag, Kindererziehung, Ehe, Berufung und mehr<\/li>\n\n\n\n<li>Tipps und Gedanken zu Themen wie Stressbew\u00e4ltigung, Gelassenheit, gesunde Ern\u00e4hrung, \u00e4therische \u00d6le und andere praktische Themen, die Mamas helfen<\/li>\n\n\n\n<li>Eine pers\u00f6nliche Beziehung zu Jesus, die du mit anderen M\u00fcttern teilen m\u00f6chtest<\/li>\n<\/ul>\n\n\n\n<h4 class=\"wp-block-heading\"><strong>Warum mitmachen?<\/strong><\/h4>\n\n\n\n<ul class=\"wp-block-list\">\n<li>Du kannst andere M\u00fctter ermutigen und inspirieren.<\/li>\n\n\n\n<li>Dein Glaube und deine Geschichte werden geh\u00f6rt und k\u00f6nnen anderen helfen, ihren Alltag besser zu meistern.<\/li>\n\n\n\n<li>Du wirst Teil einer wachsenden Community, die sich gegenseitig unterst\u00fctzt.<\/li>\n<\/ul>\n\n\n\n<h4 class=\"wp-block-heading\"><strong>Wie kannst du dich bewerben?<\/strong><\/h4>\n\n\n\n<p>Melde dich einfach \u00fcber unser <a href=\"#form\" data-type=\"internal\" data-id=\"#form\">Kontaktformular<\/a>. Teile kurz deine Geschichte, deine Themenvorschl\u00e4ge oder warum du gerne als Gast dabei w\u00e4rst. Wir freuen uns darauf, von dir zu h\u00f6ren!<\/p>\n\n\n\n<p>Lass uns gemeinsam das Leben als Mama mit Jesus in den Mittelpunkt stellen und andere ermutigen!<\/p>\n\n\n\n<div style=\"height:100px\" aria-hidden=\"true\" class=\"wp-block-spacer\"><\/div>\n<\/div><\/div>\n\n\n\n<div id=\"form\" class=\"wp-block-group\"><div class=\"wp-block-group__inner-container is-layout-constrained wp-block-group-is-layout-constrained\">\n<h3 class=\"wp-block-heading\">Kontaktformular<\/h3>\n\n\n\n<div class=\"wpcf7 no-js\" id=\"wpcf7-f170-o1\" lang=\"de-DE\" dir=\"ltr\" data-wpcf7-id=\"170\">\n<div class=\"screen-reader-response\"><p role=\"status\" aria-live=\"polite\" aria-atomic=\"true\"><\/p> <ul><\/ul><\/div>\n<form action=\"\/mamaleben\/wp-json\/wp\/v2\/pages\/171#wpcf7-f170-o1\" method=\"post\" class=\"wpcf7-form init\" aria-label=\"Kontaktformular\" novalidate=\"novalidate\" data-status=\"init\">\n<div style=\"display: none;\">\n<input type=\"hidden\" name=\"_wpcf7\" value=\"170\" \/>\n<input type=\"hidden\" name=\"_wpcf7_version\" value=\"6.0.2\" \/>\n<input type=\"hidden\" name=\"_wpcf7_locale\" value=\"de_DE\" \/>\n<input type=\"hidden\" name=\"_wpcf7_unit_tag\" value=\"wpcf7-f170-o1\" \/>\n<input type=\"hidden\" name=\"_wpcf7_container_post\" value=\"0\" \/>\n<input type=\"hidden\" name=\"_wpcf7_posted_data_hash\" value=\"\" \/>\n<\/div>\n<p><label> Dein Name<br \/>\n<span class=\"wpcf7-form-control-wrap\" data-name=\"your-name\"><input size=\"40\" maxlength=\"400\" class=\"wpcf7-form-control wpcf7-text wpcf7-validates-as-required\" autocomplete=\"name\" aria-required=\"true\" aria-invalid=\"false\" value=\"\" type=\"text\" name=\"your-name\" \/><\/span> <\/label>\n<\/p>\n<p><label> Deine E-Mail-Adresse<br \/>\n<span class=\"wpcf7-form-control-wrap\" data-name=\"your-email\"><input size=\"40\" maxlength=\"400\" class=\"wpcf7-form-control wpcf7-email wpcf7-validates-as-required wpcf7-text wpcf7-validates-as-email\" autocomplete=\"email\" aria-required=\"true\" aria-invalid=\"false\" value=\"\" type=\"email\" name=\"your-email\" \/><\/span> <\/label>\n<\/p>\n<p><label> Deine Seite\/Dein Projekt<br \/>\n<span class=\"wpcf7-form-control-wrap\" data-name=\"homepage\"><input size=\"40\" maxlength=\"400\" class=\"wpcf7-form-control wpcf7-text\" aria-invalid=\"false\" placeholder=\"https:\/\/\" value=\"\" type=\"text\" name=\"homepage\" \/><\/span> <\/label>\n<\/p>\n<p><label> Betreff<br \/>\n<span class=\"wpcf7-form-control-wrap\" data-name=\"your-subject\"><input size=\"40\" maxlength=\"400\" class=\"wpcf7-form-control wpcf7-text wpcf7-validates-as-required\" aria-required=\"true\" aria-invalid=\"false\" value=\"Ich m\u00f6chte Gast werden\" type=\"text\" name=\"your-subject\" \/><\/span> <\/label>\n<\/p>\n<p><label> Deine Nachricht<br \/>\n<span class=\"wpcf7-form-control-wrap\" data-name=\"your-message\"><textarea cols=\"40\" rows=\"10\" maxlength=\"2000\" class=\"wpcf7-form-control wpcf7-textarea wpcf7-validates-as-required\" aria-required=\"true\" aria-invalid=\"false\" name=\"your-message\"><\/textarea><\/span> <\/label>\n<\/p>\n<p><label> Spam-Schutz: Bitte l\u00f6se die Aufgabe<br \/>\n<span class=\"wpcf7-form-control-wrap\" data-name=\"Spamschutz\"><label><span class=\"wpcf7-quiz-label\">7+1=<\/span> <input size=\"40\" class=\"wpcf7-form-control wpcf7-quiz\" autocomplete=\"off\" aria-required=\"true\" aria-invalid=\"false\" type=\"text\" name=\"Spamschutz\" \/><\/label><input type=\"hidden\" name=\"_wpcf7_quiz_answer_Spamschutz\" value=\"d966bcb01942167ea8457da7ff60c68b\" \/><\/span> <\/label>\n<\/p>\n<p><input class=\"wpcf7-form-control wpcf7-submit has-spinner\" type=\"submit\" value=\"Senden\" \/>\n<\/p><div class=\"wpcf7-response-output\" aria-hidden=\"true\"><\/div>\n<\/form>\n<\/div>\n\n<\/div><\/div>\n","protected":false},"excerpt":{"rendered":"<p>Du hast eine inspirierende Geschichte, wertvolle Erfahrungen als Mama oder tiefgehende Einsichten in den christlichen Glauben? Dann bist du hier genau richtig! Unser Podcast \u201eER.f\u00fcllt.es Mamaleben\u201c bietet eine Plattform f\u00fcr Frauen, die ihren Alltag als Mama mit Jesus an ihrer Seite gestalten und ihre Erlebnisse, Herausforderungen und Erfolge teilen m\u00f6chten. Was wir suchen: Warum mitmachen? [&hellip;]<\/p>\n","protected":false},"author":1,"featured_media":0,"parent":0,"menu_order":0,"comment_status":"closed","ping_status":"closed","template":"","meta":{"episode_type":"","audio_file":"","transcript_file":"","cover_image":"","cover_image_id":"","duration":"","filesize":"","date_recorded":"","explicit":"","block":"","filesize_raw":"","footnotes":""},"class_list":["post-171","page","type-page","status-publish","hentry"],"_links":{"self":[{"href":"https:\/\/er.fuellt.es\/mamaleben\/wp-json\/wp\/v2\/pages\/171","targetHints":{"allow":["GET"]}}],"collection":[{"href":"https:\/\/er.fuellt.es\/mamaleben\/wp-json\/wp\/v2\/pages"}],"about":[{"href":"https:\/\/er.fuellt.es\/mamaleben\/wp-json\/wp\/v2\/types\/page"}],"author":[{"embeddable":true,"href":"https:\/\/er.fuellt.es\/mamaleben\/wp-json\/wp\/v2\/users\/1"}],"replies":[{"embeddable":true,"href":"https:\/\/er.fuellt.es\/mamaleben\/wp-json\/wp\/v2\/comments?post=171"}],"version-history":[{"count":4,"href":"https:\/\/er.fuellt.es\/mamaleben\/wp-json\/wp\/v2\/pages\/171\/revisions"}],"predecessor-version":[{"id":203,"href":"https:\/\/er.fuellt.es\/mamaleben\/wp-json\/wp\/v2\/pages\/171\/revisions\/203"}],"wp:attachment":[{"href":"https:\/\/er.fuellt.es\/mamaleben\/wp-json\/wp\/v2\/media?parent=171"}],"curies":[{"name":"wp","href":"https:\/\/api.w.org\/{rel}","templated":true}]}}